{"id":5256,"date":"2022-09-02T15:56:07","date_gmt":"2022-09-02T15:56:07","guid":{"rendered":"https:\/\/optimumdetail.hu\/epuletszerkezeti-tervezes\/"},"modified":"2023-01-06T18:14:05","modified_gmt":"2023-01-06T18:14:05","slug":"epuletszerkezeti-tervezes","status":"publish","type":"page","link":"https:\/\/optimumdetail.hu\/de\/epuletszerkezeti-tervezes\/","title":{"rendered":"Detailplanung"},"content":{"rendered":"<p>[vc_row][vc_column css=&#8220;.vc_custom_1662217885126{margin-top: 30px !important;}&#8220;][vc_column_text css=&#8220;.vc_custom_1663071150935{margin-bottom: 5px !important;}&#8220;]<\/p>\n<div class=\"wpb_text_column wpb_content_element vc_custom_1661342869376 post-formatting \">\n<div class=\"wpb_wrapper\">\n<p>Optimale L\u00f6sungen f\u00fcr den technischen Inhalt und die Detaillierung des Geb\u00e4udes.<br \/>\nWir verf\u00fcgen \u00fcber mehrj\u00e4rhrige Erfahrung in der Detailplanung und -ausbildung. Wir \u00fcbernehmen Detailplanung von Wohnbauten, B\u00fcroge\u00e4uden, \u00f6ffentlichen Geb\u00e4uden und Hallen. Die Erg\u00e4nzung und Verst\u00e4rkung des architektonischen Konzepts durch den technischen Inhalt des Plans ist f\u00fcr unser Team am wichtigsten.<\/p>\n<\/div>\n<\/div>\n<p>[\/vc_column_text][lab_portfolio_items category_filter=&#8220;no&#8220; portfolio_type=&#8220;type-2&#8243; pagination_type=&#8220;endless&#8220; endless_auto_reveal=&#8220;yes&#8220; endless_show_more_button_text=&#8220;mehr&#8230;&#8220; endless_no_more_items_button_text=&#8220;Ende&#8220; portfolio_query=&#8220;size:all|order_by:date|post_type:portfolio|tax_query:34&#8243;][\/vc_column][\/vc_row]<\/p>\n","protected":false},"excerpt":{"rendered":"<p>[vc_row][vc_column css=&#8220;.vc_custom_1662217885126{margin-top: 30px !important;}&#8220;][vc_column_text css=&#8220;.vc_custom_1663071150935{margin-bottom: 5px !important;}&#8220;] Optimale L\u00f6sungen f\u00fcr den technischen Inhalt und die Detaillierung des Geb\u00e4udes. Wir verf\u00fcgen \u00fcber mehrj\u00e4rhrige Erfahrung in der Detailplanung und -ausbildung. Wir \u00fcbernehmen Detailplanung von Wohnbauten, B\u00fcroge\u00e4uden, \u00f6ffentlichen Geb\u00e4uden und Hallen. Die Erg\u00e4nzung und Verst\u00e4rkung des architektonischen Konzepts durch den technischen Inhalt des Plans ist f\u00fcr unser Team&hellip;<\/p>\n","protected":false},"author":1,"featured_media":0,"parent":0,"menu_order":0,"comment_status":"closed","ping_status":"closed","template":"","meta":{"footnotes":"","_links_to":"","_links_to_target":""},"class_list":["post-5256","page","type-page","status-publish","hentry"],"acf":[],"_links":{"self":[{"href":"https:\/\/optimumdetail.hu\/de\/wp-json\/wp\/v2\/pages\/5256","targetHints":{"allow":["GET"]}}],"collection":[{"href":"https:\/\/optimumdetail.hu\/de\/wp-json\/wp\/v2\/pages"}],"about":[{"href":"https:\/\/optimumdetail.hu\/de\/wp-json\/wp\/v2\/types\/page"}],"author":[{"embeddable":true,"href":"https:\/\/optimumdetail.hu\/de\/wp-json\/wp\/v2\/users\/1"}],"replies":[{"embeddable":true,"href":"https:\/\/optimumdetail.hu\/de\/wp-json\/wp\/v2\/comments?post=5256"}],"version-history":[{"count":13,"href":"https:\/\/optimumdetail.hu\/de\/wp-json\/wp\/v2\/pages\/5256\/revisions"}],"predecessor-version":[{"id":7750,"href":"https:\/\/optimumdetail.hu\/de\/wp-json\/wp\/v2\/pages\/5256\/revisions\/7750"}],"wp:attachment":[{"href":"https:\/\/optimumdetail.hu\/de\/wp-json\/wp\/v2\/media?parent=5256"}],"curies":[{"name":"wp","href":"https:\/\/api.w.org\/{rel}","templated":true}]}}