{"id":5273,"date":"2022-08-26T13:36:39","date_gmt":"2022-08-26T13:36:39","guid":{"rendered":"https:\/\/optimumdetail.hu\/sachverstaendigengutachten-und-beirat\/"},"modified":"2023-01-06T18:15:58","modified_gmt":"2023-01-06T18:15:58","slug":"sachverstaendigengutachten-und-beirat","status":"publish","type":"page","link":"https:\/\/optimumdetail.hu\/de\/sachverstaendigengutachten-und-beirat\/","title":{"rendered":"Sachverst\u00e4ndigengutachten und Beratung"},"content":{"rendered":"<p>[vc_row][vc_column css=&#8220;.vc_custom_1662217885126{margin-top: 30px !important;}&#8220;][vc_column_text css=&#8220;.vc_custom_1663070974861{margin-bottom: 5px !important;}&#8220;]<\/p>\n<div class=\"wpb_text_column wpb_content_element vc_custom_1661342869376 post-formatting \">\n<div class=\"wpb_wrapper\">\n<p>Wir \u00fcbernehmen f\u00fcr Architektsb\u00fcros und Eigentumsverwaltungsb\u00fcros Sachverst\u00e4ndigengutachten und Wanddiagnostikpr\u00fcfungen.<br \/>\nF\u00fcr Privatpersonen und Unternehmen \u00fcbernehmen wir vor Kauf, Umbau, Abriss oder Erweiterung vom Geb\u00e4ude die technische Bewertung und ggf. die Erstellung eines Planer- oder Sachverst\u00e4ndigengutachtens.<\/p>\n<\/div>\n<\/div>\n<p>[\/vc_column_text][lab_portfolio_items category_filter=&#8220;no&#8220; portfolio_type=&#8220;type-2&#8243; portfolio_query=&#8220;size:all|order_by:date|post_type:portfolio|tax_query:33&#8243;][\/vc_column][\/vc_row]<\/p>\n","protected":false},"excerpt":{"rendered":"<p>[vc_row][vc_column css=&#8220;.vc_custom_1662217885126{margin-top: 30px !important;}&#8220;][vc_column_text css=&#8220;.vc_custom_1663070974861{margin-bottom: 5px !important;}&#8220;] Wir \u00fcbernehmen f\u00fcr Architektsb\u00fcros und Eigentumsverwaltungsb\u00fcros Sachverst\u00e4ndigengutachten und Wanddiagnostikpr\u00fcfungen. F\u00fcr Privatpersonen und Unternehmen \u00fcbernehmen wir vor Kauf, Umbau, Abriss oder Erweiterung vom Geb\u00e4ude die technische Bewertung und ggf. die Erstellung eines Planer- oder Sachverst\u00e4ndigengutachtens. [\/vc_column_text][lab_portfolio_items category_filter=&#8220;no&#8220; portfolio_type=&#8220;type-2&#8243; portfolio_query=&#8220;size:all|order_by:date|post_type:portfolio|tax_query:33&#8243;][\/vc_column][\/vc_row]<\/p>\n","protected":false},"author":1,"featured_media":0,"parent":0,"menu_order":0,"comment_status":"closed","ping_status":"closed","template":"","meta":{"footnotes":"","_links_to":"","_links_to_target":""},"class_list":["post-5273","page","type-page","status-publish","hentry"],"acf":[],"_links":{"self":[{"href":"https:\/\/optimumdetail.hu\/de\/wp-json\/wp\/v2\/pages\/5273","targetHints":{"allow":["GET"]}}],"collection":[{"href":"https:\/\/optimumdetail.hu\/de\/wp-json\/wp\/v2\/pages"}],"about":[{"href":"https:\/\/optimumdetail.hu\/de\/wp-json\/wp\/v2\/types\/page"}],"author":[{"embeddable":true,"href":"https:\/\/optimumdetail.hu\/de\/wp-json\/wp\/v2\/users\/1"}],"replies":[{"embeddable":true,"href":"https:\/\/optimumdetail.hu\/de\/wp-json\/wp\/v2\/comments?post=5273"}],"version-history":[{"count":15,"href":"https:\/\/optimumdetail.hu\/de\/wp-json\/wp\/v2\/pages\/5273\/revisions"}],"predecessor-version":[{"id":7758,"href":"https:\/\/optimumdetail.hu\/de\/wp-json\/wp\/v2\/pages\/5273\/revisions\/7758"}],"wp:attachment":[{"href":"https:\/\/optimumdetail.hu\/de\/wp-json\/wp\/v2\/media?parent=5273"}],"curies":[{"name":"wp","href":"https:\/\/api.w.org\/{rel}","templated":true}]}}